{"id":2326,"date":"2025-06-30T11:13:01","date_gmt":"2025-06-30T11:13:01","guid":{"rendered":"https:\/\/shanyosnap.com\/?page_id=2326"},"modified":"2025-12-08T02:52:57","modified_gmt":"2025-12-08T02:52:57","slug":"precision-stamping","status":"publish","type":"page","link":"https:\/\/shanyosnap.com\/it\/precision-stamping\/","title":{"rendered":"Stampaggio di precisione"},"content":{"rendered":"<div data-elementor-type=\"wp-page\" data-elementor-id=\"2326\" class=\"elementor elementor-2326\" data-elementor-post-type=\"page\">\n\t\t\t\t<div class=\"elementor-element elementor-element-60fc3e77 e-flex e-con-boxed e-con e-parent\" data-id=\"60fc3e77\" data-element_type=\"container\" data-e-type=\"container\" data-settings=\"{&quot;background_background&quot;:&quot;classic&quot;,&quot;ekit_has_onepagescroll_dot&quot;:&quot;yes&quot;}\">\n\t\t\t\t\t<div class=\"e-con-inner\">\n\t\t\t\t<div class=\"elementor-element elementor-element-57f3744d elementor-widget elementor-widget-heading\" data-id=\"57f3744d\" data-element_type=\"widget\" data-e-type=\"widget\" data-settings=\"{&quot;ekit_we_effect_on&quot;:&quot;none&quot;}\" data-widget_type=\"heading.default\">\n\t\t\t\t<div class=\"elementor-widget-container\">\n\t\t\t\t\t<h1 class=\"elementor-heading-title elementor-size-default\">Stampaggio di precisione<\/h1>\t\t\t\t<\/div>\n\t\t\t\t<\/div>\n\t\t\t\t<div class=\"elementor-element elementor-element-59016a91 elementor-widget__width-inherit elementor-widget elementor-widget-text-editor\" data-id=\"59016a91\" data-element_type=\"widget\" data-e-type=\"widget\" data-settings=\"{&quot;ekit_we_effect_on&quot;:&quot;none&quot;}\" data-widget_type=\"text-editor.default\">\n\t\t\t\t<div class=\"elementor-widget-container\">\n\t\t\t\t\t\t\t\t\t<p>Dalla progettazione innovativa alla manutenzione meticolosa, forniamo risultati eccezionali su misura per la vostra visione.<\/p>\t\t\t\t\t\t\t\t<\/div>\n\t\t\t\t<\/div>\n\t\t\t\t<div class=\"elementor-element elementor-element-bdacf56 elementor-widget elementor-widget-elementskit-breadcrumb\" data-id=\"bdacf56\" data-element_type=\"widget\" data-e-type=\"widget\" data-settings=\"{&quot;ekit_we_effect_on&quot;:&quot;none&quot;}\" data-widget_type=\"elementskit-breadcrumb.default\">\n\t\t\t\t<div class=\"elementor-widget-container\">\n\t\t\t\t\t<div class=\"ekit-wid-con\" ><ol class=\"ekit-breadcrumb\"><li class=\"ekit_breadcrumbs_start\"><a href=\"https:\/\/shanyosnap.com\/es\" data-no-translation=\"\" data-trp-gettext=\"\">Inicio<\/a><\/li> <li class=\"brd_sep\"> \u00bb <\/li>  <li>Stampaggio di precisione<\/li><\/ol><\/div>\t\t\t\t<\/div>\n\t\t\t\t<\/div>\n\t\t\t\t\t<\/div>\n\t\t\t\t<\/div>\n\t\t<div class=\"elementor-element elementor-element-e93b103 e-flex e-con-boxed e-con e-parent\" data-id=\"e93b103\" data-element_type=\"container\" data-e-type=\"container\" data-settings=\"{&quot;ekit_has_onepagescroll_dot&quot;:&quot;yes&quot;}\">\n\t\t\t\t\t<div class=\"e-con-inner\">\n\t\t\t\t<div class=\"elementor-element elementor-element-8c1c1a2 elementor-widget elementor-widget-heading\" data-id=\"8c1c1a2\" data-element_type=\"widget\" data-e-type=\"widget\" data-settings=\"{&quot;ekit_we_effect_on&quot;:&quot;none&quot;}\" data-widget_type=\"heading.default\">\n\t\t\t\t<div class=\"elementor-widget-container\">\n\t\t\t\t\t<h2 class=\"elementor-heading-title elementor-size-default\">Che cos'\u00e8 il servizio di timbratura di precessione?<\/h2>\t\t\t\t<\/div>\n\t\t\t\t<\/div>\n\t\t\t\t<div class=\"elementor-element elementor-element-d0224f0 elementor-widget elementor-widget-text-editor\" data-id=\"d0224f0\" data-element_type=\"widget\" data-e-type=\"widget\" data-settings=\"{&quot;ekit_we_effect_on&quot;:&quot;none&quot;}\" data-widget_type=\"text-editor.default\">\n\t\t\t\t<div class=\"elementor-widget-container\">\n\t\t\t\t\t\t\t\t\t<p>Lo stampaggio di precisione \u00e8 una tecnica di lavorazione dei metalli altamente accurata, utilizzata per creare pezzi metallici di forma personalizzata con tolleranze molto strette, spesso utilizzando macchinari automatizzati e stampi progettati su misura. \u00c8 apprezzata per la sua capacit\u00e0 di produrre pezzi di qualit\u00e0 costante ed elevata precisione, che la rende adatta alle industrie che necessitano di componenti complessi e accurati.<\/p>\t\t\t\t\t\t\t\t<\/div>\n\t\t\t\t<\/div>\n\t\t<div class=\"elementor-element elementor-element-3b2207a e-con-full e-flex e-con e-child\" data-id=\"3b2207a\" data-element_type=\"container\" data-e-type=\"container\" data-settings=\"{&quot;ekit_has_onepagescroll_dot&quot;:&quot;yes&quot;}\">\n\t\t<div class=\"elementor-element elementor-element-303d768 e-con-full e-flex e-con e-child\" data-id=\"303d768\" data-element_type=\"container\" data-e-type=\"container\" data-settings=\"{&quot;background_background&quot;:&quot;classic&quot;,&quot;ekit_has_onepagescroll_dot&quot;:&quot;yes&quot;}\">\n\t\t\t\t<div class=\"elementor-element elementor-element-2fd1051 elementor-widget elementor-widget-text-editor\" data-id=\"2fd1051\" data-element_type=\"widget\" data-e-type=\"widget\" data-settings=\"{&quot;ekit_we_effect_on&quot;:&quot;none&quot;}\" data-widget_type=\"text-editor.default\">\n\t\t\t\t<div class=\"elementor-widget-container\">\n\t\t\t\t\t\t\t\t\t<p>Qingdao Shanyo Precision Electronic Technology Co., Ltd. \u00e8 impegnata da oltre 20 anni nel campo dello stampaggio di precisione, concentrandosi sulla ricerca e lo sviluppo e sulla produzione di massa di cupole metalliche di alta precisione, array di cupole e componenti microelettronici. La nostra tecnologia di controllo della tolleranza di 0,003 mm soddisfa i severi requisiti di settori quali le apparecchiature mediche, l'elettronica automobilistica e l'elettronica di consumo.<\/p>\t\t\t\t\t\t\t\t<\/div>\n\t\t\t\t<\/div>\n\t\t\t\t<\/div>\n\t\t<div class=\"elementor-element elementor-element-99cfca5 e-con-full e-flex e-con e-child\" data-id=\"99cfca5\" data-element_type=\"container\" data-e-type=\"container\" data-settings=\"{&quot;ekit_has_onepagescroll_dot&quot;:&quot;yes&quot;}\">\n\t\t\t\t<div class=\"elementor-element elementor-element-9a24ca3 elementor-widget elementor-widget-image\" data-id=\"9a24ca3\" data-element_type=\"widget\" data-e-type=\"widget\" data-settings=\"{&quot;ekit_we_effect_on&quot;:&quot;none&quot;}\" data-widget_type=\"image.default\">\n\t\t\t\t<div class=\"elementor-widget-container\">\n\t\t\t\t\t\t\t\t\t\t\t\t\t\t\t<img fetchpriority=\"high\" decoding=\"async\" width=\"701\" height=\"400\" src=\"https:\/\/shanyosnap.com\/wp-content\/uploads\/2025\/08\/0333.jpg\" class=\"attachment-large size-large wp-image-6375\" alt=\"officina\" srcset=\"https:\/\/shanyosnap.com\/wp-content\/uploads\/2025\/08\/0333.jpg 701w, https:\/\/shanyosnap.com\/wp-content\/uploads\/2025\/08\/0333-300x171.jpg 300w\" sizes=\"(max-width: 701px) 100vw, 701px\" \/>\t\t\t\t\t\t\t\t\t\t\t\t\t\t\t<\/div>\n\t\t\t\t<\/div>\n\t\t\t\t<\/div>\n\t\t\t\t<\/div>\n\t\t<div class=\"elementor-element elementor-element-5a92a98 e-con-full e-flex e-con e-child\" data-id=\"5a92a98\" data-element_type=\"container\" data-e-type=\"container\" data-settings=\"{&quot;ekit_has_onepagescroll_dot&quot;:&quot;yes&quot;}\">\n\t\t<div class=\"elementor-element elementor-element-7630111 e-con-full e-flex e-con e-child\" data-id=\"7630111\" data-element_type=\"container\" data-e-type=\"container\" data-settings=\"{&quot;ekit_has_onepagescroll_dot&quot;:&quot;yes&quot;}\">\n\t\t\t\t<div class=\"elementor-element elementor-element-0501e8c elementor-widget elementor-widget-image\" data-id=\"0501e8c\" data-element_type=\"widget\" data-e-type=\"widget\" data-settings=\"{&quot;ekit_we_effect_on&quot;:&quot;none&quot;}\" data-widget_type=\"image.default\">\n\t\t\t\t<div class=\"elementor-widget-container\">\n\t\t\t\t\t\t\t\t\t\t\t\t\t\t\t<img decoding=\"async\" width=\"701\" height=\"400\" src=\"https:\/\/shanyosnap.com\/wp-content\/uploads\/2025\/07\/39.webp\" class=\"attachment-large size-large wp-image-6028\" alt=\"certificati\" srcset=\"https:\/\/shanyosnap.com\/wp-content\/uploads\/2025\/07\/39.webp 701w, https:\/\/shanyosnap.com\/wp-content\/uploads\/2025\/07\/39-300x171.webp 300w\" sizes=\"(max-width: 701px) 100vw, 701px\" \/>\t\t\t\t\t\t\t\t\t\t\t\t\t\t\t<\/div>\n\t\t\t\t<\/div>\n\t\t\t\t<\/div>\n\t\t<div class=\"elementor-element elementor-element-39fe6ce e-con-full e-flex e-con e-child\" data-id=\"39fe6ce\" data-element_type=\"container\" data-e-type=\"container\" data-settings=\"{&quot;background_background&quot;:&quot;classic&quot;,&quot;ekit_has_onepagescroll_dot&quot;:&quot;yes&quot;}\">\n\t\t\t\t<div class=\"elementor-element elementor-element-1e5fac2 elementor-widget elementor-widget-text-editor\" data-id=\"1e5fac2\" data-element_type=\"widget\" data-e-type=\"widget\" data-settings=\"{&quot;ekit_we_effect_on&quot;:&quot;none&quot;}\" data-widget_type=\"text-editor.default\">\n\t\t\t\t<div class=\"elementor-widget-container\">\n\t\t\t\t\t\t\t\t\t<p>Shanyo applica rigorosi standard di ispezione della qualit\u00e0 e ha superato le ispezioni e le certificazioni ISO e RoHS. I nostri servizi di stampaggio di precisione producono progetti complessi con un'elevata accuratezza, garantendo che ogni pezzo soddisfi gli standard pi\u00f9 esigenti.<\/p>\t\t\t\t\t\t\t\t<\/div>\n\t\t\t\t<\/div>\n\t\t\t\t<\/div>\n\t\t\t\t<\/div>\n\t\t\t\t\t<\/div>\n\t\t\t\t<\/div>\n\t\t<div class=\"elementor-element elementor-element-b795c77 e-flex e-con-boxed e-con e-parent\" data-id=\"b795c77\" data-element_type=\"container\" data-e-type=\"container\" data-settings=\"{&quot;background_background&quot;:&quot;classic&quot;,&quot;ekit_has_onepagescroll_dot&quot;:&quot;yes&quot;}\">\n\t\t\t\t\t<div class=\"e-con-inner\">\n\t\t\t\t<div class=\"elementor-element elementor-element-70068604 elementor-widget elementor-widget-heading\" data-id=\"70068604\" data-element_type=\"widget\" data-e-type=\"widget\" data-settings=\"{&quot;ekit_we_effect_on&quot;:&quot;none&quot;}\" data-widget_type=\"heading.default\">\n\t\t\t\t<div class=\"elementor-widget-container\">\n\t\t\t\t\t<h2 class=\"elementor-heading-title elementor-size-default\">Perch\u00e9 scegliere i servizi di stampaggio di precisione di Shanyo?<\/h2>\t\t\t\t<\/div>\n\t\t\t\t<\/div>\n\t\t<div class=\"elementor-element elementor-element-1f7f391 e-con-full e-flex e-con e-child\" data-id=\"1f7f391\" data-element_type=\"container\" data-e-type=\"container\" data-settings=\"{&quot;ekit_has_onepagescroll_dot&quot;:&quot;yes&quot;}\">\n\t\t<div class=\"elementor-element elementor-element-80a2310 e-con-full e-flex e-con e-child\" data-id=\"80a2310\" data-element_type=\"container\" data-e-type=\"container\" data-settings=\"{&quot;ekit_has_onepagescroll_dot&quot;:&quot;yes&quot;}\">\n\t\t\t\t<div class=\"elementor-element elementor-element-d62e9c8 elementor-widget elementor-widget-image\" data-id=\"d62e9c8\" data-element_type=\"widget\" data-e-type=\"widget\" data-settings=\"{&quot;ekit_we_effect_on&quot;:&quot;none&quot;}\" data-widget_type=\"image.default\">\n\t\t\t\t<div class=\"elementor-widget-container\">\n\t\t\t\t\t\t\t\t\t\t\t\t\t\t\t<img decoding=\"async\" width=\"800\" height=\"500\" src=\"https:\/\/shanyosnap.com\/wp-content\/uploads\/2025\/08\/58-1.webp\" class=\"attachment-large size-large wp-image-6879\" alt=\"macchina per lo stampaggio di precisione\" srcset=\"https:\/\/shanyosnap.com\/wp-content\/uploads\/2025\/08\/58-1.webp 800w, https:\/\/shanyosnap.com\/wp-content\/uploads\/2025\/08\/58-1-300x188.webp 300w, https:\/\/shanyosnap.com\/wp-content\/uploads\/2025\/08\/58-1-768x480.webp 768w\" sizes=\"(max-width: 800px) 100vw, 800px\" \/>\t\t\t\t\t\t\t\t\t\t\t\t\t\t\t<\/div>\n\t\t\t\t<\/div>\n\t\t\t\t<div class=\"elementor-element elementor-element-71903ae elementor-widget elementor-widget-heading\" data-id=\"71903ae\" data-element_type=\"widget\" data-e-type=\"widget\" data-settings=\"{&quot;ekit_we_effect_on&quot;:&quot;none&quot;}\" data-widget_type=\"heading.default\">\n\t\t\t\t<div class=\"elementor-widget-container\">\n\t\t\t\t\t<h3 class=\"elementor-heading-title elementor-size-default\">Precisione a livello di micron<\/h3>\t\t\t\t<\/div>\n\t\t\t\t<\/div>\n\t\t\t\t<div class=\"elementor-element elementor-element-703dcfb elementor-widget elementor-widget-text-editor\" data-id=\"703dcfb\" data-element_type=\"widget\" data-e-type=\"widget\" data-settings=\"{&quot;ekit_we_effect_on&quot;:&quot;none&quot;}\" data-widget_type=\"text-editor.default\">\n\t\t\t\t<div class=\"elementor-widget-container\">\n\t\t\t\t\t\t\t\t\t<p>L'impiego di servo presse importate (30-200 tonnellate) e di una tecnologia avanzata di stampi progressivi provenienti dal Giappone, dalla Corea del Sud, ecc. assicura una precisione di posizionamento di \u00b10,003 mm, garantendo la stabilit\u00e0 dimensionale dei componenti elettronici di alta precisione.<\/p>\t\t\t\t\t\t\t\t<\/div>\n\t\t\t\t<\/div>\n\t\t\t\t<\/div>\n\t\t<div class=\"elementor-element elementor-element-55f77c4 e-con-full e-flex e-con e-child\" data-id=\"55f77c4\" data-element_type=\"container\" data-e-type=\"container\" data-settings=\"{&quot;ekit_has_onepagescroll_dot&quot;:&quot;yes&quot;}\">\n\t\t\t\t<div class=\"elementor-element elementor-element-786d7ce elementor-widget elementor-widget-image\" data-id=\"786d7ce\" data-element_type=\"widget\" data-e-type=\"widget\" data-settings=\"{&quot;ekit_we_effect_on&quot;:&quot;none&quot;}\" data-widget_type=\"image.default\">\n\t\t\t\t<div class=\"elementor-widget-container\">\n\t\t\t\t\t\t\t\t\t\t\t\t\t\t\t<img loading=\"lazy\" decoding=\"async\" width=\"800\" height=\"500\" src=\"https:\/\/shanyosnap.com\/wp-content\/uploads\/2025\/07\/41.webp\" class=\"attachment-large size-large wp-image-6030\" alt=\"macchina per lo stampaggio di precisione\" srcset=\"https:\/\/shanyosnap.com\/wp-content\/uploads\/2025\/07\/41.webp 800w, https:\/\/shanyosnap.com\/wp-content\/uploads\/2025\/07\/41-300x188.webp 300w, https:\/\/shanyosnap.com\/wp-content\/uploads\/2025\/07\/41-768x480.webp 768w\" sizes=\"(max-width: 800px) 100vw, 800px\" \/>\t\t\t\t\t\t\t\t\t\t\t\t\t\t\t<\/div>\n\t\t\t\t<\/div>\n\t\t\t\t<div class=\"elementor-element elementor-element-5ccda01 elementor-widget elementor-widget-heading\" data-id=\"5ccda01\" data-element_type=\"widget\" data-e-type=\"widget\" data-settings=\"{&quot;ekit_we_effect_on&quot;:&quot;none&quot;}\" data-widget_type=\"heading.default\">\n\t\t\t\t<div class=\"elementor-widget-container\">\n\t\t\t\t\t<h3 class=\"elementor-heading-title elementor-size-default\">Innovazione di prodotto<\/h3>\t\t\t\t<\/div>\n\t\t\t\t<\/div>\n\t\t\t\t<div class=\"elementor-element elementor-element-e7c4ff5 elementor-widget elementor-widget-text-editor\" data-id=\"e7c4ff5\" data-element_type=\"widget\" data-e-type=\"widget\" data-settings=\"{&quot;ekit_we_effect_on&quot;:&quot;none&quot;}\" data-widget_type=\"text-editor.default\">\n\t\t\t\t<div class=\"elementor-widget-container\">\n\t\t\t\t\t\t\t\t\t<p>Grazie allo sviluppo del design della struttura dello stampo e ai processi di trattamento superficiale proprietari, la durata di vita della cupola di attuazione \u00e8 superiore a 5 milioni di attuazioni. Sviluppiamo e produciamo prodotti di precisione per lo stampaggio di ferramenta in acciaio inossidabile (SUS301), leghe di rame al berillio, bronzo fosforoso, leghe di alluminio e altri materiali.\u00a0<\/p>\t\t\t\t\t\t\t\t<\/div>\n\t\t\t\t<\/div>\n\t\t\t\t<\/div>\n\t\t<div class=\"elementor-element elementor-element-43980c2 e-con-full e-flex e-con e-child\" data-id=\"43980c2\" data-element_type=\"container\" data-e-type=\"container\" data-settings=\"{&quot;ekit_has_onepagescroll_dot&quot;:&quot;yes&quot;}\">\n\t\t\t\t<div class=\"elementor-element elementor-element-98fbcaf elementor-widget elementor-widget-image\" data-id=\"98fbcaf\" data-element_type=\"widget\" data-e-type=\"widget\" data-settings=\"{&quot;ekit_we_effect_on&quot;:&quot;none&quot;}\" data-widget_type=\"image.default\">\n\t\t\t\t<div class=\"elementor-widget-container\">\n\t\t\t\t\t\t\t\t\t\t\t\t\t\t\t<img loading=\"lazy\" decoding=\"async\" width=\"800\" height=\"500\" src=\"https:\/\/shanyosnap.com\/wp-content\/uploads\/2025\/07\/42.webp\" class=\"attachment-large size-large wp-image-6034\" alt=\"officina\" srcset=\"https:\/\/shanyosnap.com\/wp-content\/uploads\/2025\/07\/42.webp 800w, https:\/\/shanyosnap.com\/wp-content\/uploads\/2025\/07\/42-300x188.webp 300w, https:\/\/shanyosnap.com\/wp-content\/uploads\/2025\/07\/42-768x480.webp 768w\" sizes=\"(max-width: 800px) 100vw, 800px\" \/>\t\t\t\t\t\t\t\t\t\t\t\t\t\t\t<\/div>\n\t\t\t\t<\/div>\n\t\t\t\t<div class=\"elementor-element elementor-element-afe40de elementor-widget elementor-widget-heading\" data-id=\"afe40de\" data-element_type=\"widget\" data-e-type=\"widget\" data-settings=\"{&quot;ekit_we_effect_on&quot;:&quot;none&quot;}\" data-widget_type=\"heading.default\">\n\t\t\t\t<div class=\"elementor-widget-container\">\n\t\t\t\t\t<h3 class=\"elementor-heading-title elementor-size-default\">Garanzia di qualit\u00e0 dell'intero processo<\/h3>\t\t\t\t<\/div>\n\t\t\t\t<\/div>\n\t\t\t\t<div class=\"elementor-element elementor-element-ba690f8 elementor-widget elementor-widget-text-editor\" data-id=\"ba690f8\" data-element_type=\"widget\" data-e-type=\"widget\" data-settings=\"{&quot;ekit_we_effect_on&quot;:&quot;none&quot;}\" data-widget_type=\"text-editor.default\">\n\t\t\t\t<div class=\"elementor-widget-container\">\n\t\t\t\t\t\t\t\t\t<p>Dotato di sistema di visione CCD, il 100% monitora online i vari requisiti dimensionali di precisione dei prodotti.<\/p>\t\t\t\t\t\t\t\t<\/div>\n\t\t\t\t<\/div>\n\t\t\t\t<\/div>\n\t\t\t\t<\/div>\n\t\t\t\t\t<\/div>\n\t\t\t\t<\/div>\n\t\t\t\t<\/div>","protected":false},"excerpt":{"rendered":"<p>Precision stamping From Innovative Design to Meticulous Maintenance, We Deliver Exceptional Results Tailored to your vision. Home What is precsion [&hellip;]<\/p>\n","protected":false},"author":1,"featured_media":0,"parent":0,"menu_order":0,"comment_status":"closed","ping_status":"closed","template":"","meta":{"_acf_changed":false,"site-sidebar-layout":"no-sidebar","site-content-layout":"","ast-site-content-layout":"full-width-container","site-content-style":"default","site-sidebar-style":"default","ast-global-header-display":"","ast-banner-title-visibility":"","ast-main-header-display":"","ast-hfb-above-header-display":"","ast-hfb-below-header-display":"","ast-hfb-mobile-header-display":"","site-post-title":"disabled","ast-breadcrumbs-content":"","ast-featured-img":"disabled","footer-sml-layout":"","ast-disable-related-posts":"","theme-transparent-header-meta":"","adv-header-id-meta":"","stick-header-meta":"","header-above-stick-meta":"","header-main-stick-meta":"","header-below-stick-meta":"","astra-migrate-meta-layouts":"default","ast-page-background-enabled":"default","ast-page-background-meta":{"desktop":{"background-color":"var(--ast-global-color-4)","background-image":"","background-repeat":"repeat","background-position":"center center","background-size":"auto","background-attachment":"scroll","background-type":"","background-media":"","overlay-type":"","overlay-color":"","overlay-opacity":"","overlay-gradient":""},"tablet":{"background-color":"","background-image":"","background-repeat":"repeat","background-position":"center center","background-size":"auto","background-attachment":"scroll","background-type":"","background-media":"","overlay-type":"","overlay-color":"","overlay-opacity":"","overlay-gradient":""},"mobile":{"background-color":"","background-image":"","background-repeat":"repeat","background-position":"center center","background-size":"auto","background-attachment":"scroll","background-type":"","background-media":"","overlay-type":"","overlay-color":"","overlay-opacity":"","overlay-gradient":""}},"ast-content-background-meta":{"desktop":{"background-color":"var(--ast-global-color-5)","background-image":"","background-repeat":"repeat","background-position":"center center","background-size":"auto","background-attachment":"scroll","background-type":"","background-media":"","overlay-type":"","overlay-color":"","overlay-opacity":"","overlay-gradient":""},"tablet":{"background-color":"var(--ast-global-color-5)","background-image":"","background-repeat":"repeat","background-position":"center center","background-size":"auto","background-attachment":"scroll","background-type":"","background-media":"","overlay-type":"","overlay-color":"","overlay-opacity":"","overlay-gradient":""},"mobile":{"background-color":"var(--ast-global-color-5)","background-image":"","background-repeat":"repeat","background-position":"center center","background-size":"auto","background-attachment":"scroll","background-type":"","background-media":"","overlay-type":"","overlay-color":"","overlay-opacity":"","overlay-gradient":""}},"footnotes":""},"class_list":["post-2326","page","type-page","status-publish","hentry"],"acf":[],"_links":{"self":[{"href":"https:\/\/shanyosnap.com\/it\/wp-json\/wp\/v2\/pages\/2326","targetHints":{"allow":["GET"]}}],"collection":[{"href":"https:\/\/shanyosnap.com\/it\/wp-json\/wp\/v2\/pages"}],"about":[{"href":"https:\/\/shanyosnap.com\/it\/wp-json\/wp\/v2\/types\/page"}],"author":[{"embeddable":true,"href":"https:\/\/shanyosnap.com\/it\/wp-json\/wp\/v2\/users\/1"}],"replies":[{"embeddable":true,"href":"https:\/\/shanyosnap.com\/it\/wp-json\/wp\/v2\/comments?post=2326"}],"version-history":[{"count":95,"href":"https:\/\/shanyosnap.com\/it\/wp-json\/wp\/v2\/pages\/2326\/revisions"}],"predecessor-version":[{"id":9430,"href":"https:\/\/shanyosnap.com\/it\/wp-json\/wp\/v2\/pages\/2326\/revisions\/9430"}],"wp:attachment":[{"href":"https:\/\/shanyosnap.com\/it\/wp-json\/wp\/v2\/media?parent=2326"}],"curies":[{"name":"wp","href":"https:\/\/api.w.org\/{rel}","templated":true}]}}